{"id":237795,"date":"2023-10-11T08:29:54","date_gmt":"2023-10-11T08:29:54","guid":{"rendered":"https:\/\/factumbalear.com\/cookie-policy\/"},"modified":"2024-01-29T08:13:15","modified_gmt":"2024-01-29T08:13:15","slug":"cookie-policy","status":"publish","type":"page","link":"https:\/\/factumbalear.com\/en\/cookie-policy\/","title":{"rendered":"Cookie Policy"},"content":{"rendered":"<p>[et_pb_section fb_built=&#8221;1&#8243; _builder_version=&#8221;4.21.0&#8243; _module_preset=&#8221;default&#8221; global_colors_info=&#8221;{}&#8221;][et_pb_row _builder_version=&#8221;4.21.0&#8243; _module_preset=&#8221;default&#8221; global_colors_info=&#8221;{}&#8221;][et_pb_column type=&#8221;4_4&#8243; _builder_version=&#8221;4.21.0&#8243; _module_preset=&#8221;default&#8221; global_colors_info=&#8221;{}&#8221;][et_pb_text _builder_version=&#8221;4.21.0&#8243; _module_preset=&#8221;default&#8221; text_font=&#8221;helvetica-normal||||||||&#8221; header_4_font=&#8221;helvetica-normal|700|||||||&#8221; header_4_text_color=&#8221;#0C71C3&#8243; header_4_font_size=&#8221;13px&#8221; header_4_letter_spacing=&#8221;1px&#8221; global_colors_info=&#8221;{}&#8221;]<\/p>\n<h4>LEGAL<\/h4>\n<p>[\/et_pb_text][et_pb_text _builder_version=&#8221;4.21.0&#8243; _module_preset=&#8221;default&#8221; header_font=&#8221;helvetica-normal||||||||&#8221; header_font_size=&#8221;42px&#8221; custom_margin=&#8221;||10px||false|false&#8221; global_colors_info=&#8221;{}&#8221;]<\/p>\n<h1>Cookie Policy<\/h1>\n<p>[\/et_pb_text][et_pb_text _builder_version=&#8221;4.21.0&#8243; _module_preset=&#8221;default&#8221; header_2_text_color=&#8221;#0C71C3&#8243; header_2_font_size=&#8221;34px&#8221; global_colors_info=&#8221;{}&#8221;]<\/p>\n<h2>Please read our <strong>&#8220;Cookie Policy&#8221;<\/strong> carefully for a better user experience.<\/h2>\n<p>[\/et_pb_text][\/et_pb_column][\/et_pb_row][et_pb_row _builder_version=&#8221;4.21.0&#8243; _module_preset=&#8221;default&#8221; global_colors_info=&#8221;{}&#8221;][et_pb_column type=&#8221;4_4&#8243; _builder_version=&#8221;4.21.0&#8243; _module_preset=&#8221;default&#8221; global_colors_info=&#8221;{}&#8221;][et_pb_text _builder_version=&#8221;4.21.0&#8243; _module_preset=&#8221;default&#8221; text_font=&#8221;helvetica-normal||||||||&#8221; text_font_size=&#8221;18px&#8221; global_colors_info=&#8221;{}&#8221;]<\/p>\n<h2>Summary<\/h2>\n<ul>\n<li>Cookies used:<strong> Own and Third Party.<\/strong><\/li>\n<li>Are they used to obtain statistics? <strong>Yes, the legal basis being our legitimate interest in better management of the service.<\/strong><\/li>\n<li>Third-party services that install cookies through this website: <strong>Google Analytics.<\/strong><\/li>\n<\/ul>\n<h3>How to configure and disable cookies<\/h3>\n<p>You can allow, block or delete cookies installed on your device from your web browser. If you do not allow cookies to be installed on your device, your browsing experience may be worse. Below you can find out how to configure cookies in each browser:<\/p>\n<p>&#8211; Edge<br \/>&#8211; Google Chrome<br \/>&#8211; Google Android<br \/>&#8211; Internet Explorer 8<br \/>&#8211; Internet Explorer 9<br \/>&#8211; Internet Explorer 11<br \/>&#8211; Mozilla Firefox<br \/>&#8211; Opera<br \/>&#8211; Safari<br \/>&#8211; Safari Mobile<\/p>\n<h3><strong>1.- Types and uses<\/strong><\/h3>\n<p>The service uses its own and third-party cookies to improve browsing, provide the service and obtain statistics on the use of the website.<\/p>\n<h3><strong>2.- What is a cookie and what is it used for?<\/strong><\/h3>\n<p>A cookie is a text file that is sent to the web browser of your computer, mobile or tablet and is used to store and retrieve information about your browsing. For example, to remember your username and password or your profile preferences.<\/p>\n<h3><strong>3.- What types of cookies are there?<\/strong><\/h3>\n<p>Depending on who manages them:<\/p>\n<ul>\n<li>Own cookies; they are sent to your browser from our equipment or web domains.<\/li>\n<li>Third-party cookies; they are sent to your browser from a computer or web domain that is not managed directly by us, but by a third party entity such as Google.<\/li>\n<\/ul>\n<p>Depending on how long they are active, there are:<\/p>\n<ul>\n<li>Session cookies; they remain in your browser&#8217;s cookie file until you leave the website, so none remain on your device.<\/li>\n<li>Persistent cookies; they remain on your device and our website reads them each time you make a new visit. These cookies stop working after a specific date.<\/li>\n<\/ul>\n<p>Finally, depending on their purpose, we have:<\/p>\n<ul>\n<li>Technical cookies; they improve browsing and the proper functioning of the website.<\/li>\n<li>Personalisation cookies; they allow access to the service with predefined characteristics based on a series of criteria.<\/li>\n<li>Analysis cookies; they allow us to measure and statistically analyse the use made of the service provided.<\/li>\n<\/ul>\n<p>Cookies used by <strong>Factum Balear:<\/strong><\/p>\n<table>\n<tbody>\n<tr>\n<td><b>Nombre<\/b><\/td>\n<td><b>Origen<\/b><\/td>\n<td><b>Finalidad<\/b><\/td>\n<td><b>Tipo<\/b><\/td>\n<td><b>Caducidad<\/b><\/td>\n<\/tr>\n<tr>\n<td><span style=\"font-weight: 400;\">PHPSESSID<\/span><\/td>\n<td><span style=\"font-weight: 400;\">factumbalear. com<\/span><\/td>\n<td><span style=\"font-weight: 400;\">T\u00e9cnica<\/span><\/td>\n<td><span style=\"font-weight: 400;\">Propia<\/span><\/td>\n<td><span style=\"font-weight: 400;\">Sesi\u00f3n<\/span><\/td>\n<\/tr>\n<tr>\n<td><span style=\"font-weight: 400;\">_ga<\/span><\/td>\n<td><span style=\"font-weight: 400;\">factumbalear. com<\/span><\/td>\n<td><span style=\"font-weight: 400;\">Anal\u00edtica (rendimiento)<\/span><\/td>\n<td><span style=\"font-weight: 400;\">Propia<\/span><\/td>\n<td><span style=\"font-weight: 400;\">2 a\u00f1os<\/span><\/td>\n<\/tr>\n<tr>\n<td><span style=\"font-weight: 400;\">_gat<\/span><\/td>\n<td><span style=\"font-weight: 400;\">factumbalear. com<\/span><\/td>\n<td><span style=\"font-weight: 400;\">Anal\u00edtica (rendimiento)<\/span><\/td>\n<td><span style=\"font-weight: 400;\">Propia<\/span><\/td>\n<td><span style=\"font-weight: 400;\">Sesi\u00f3n<\/span><\/td>\n<\/tr>\n<tr>\n<td><span style=\"font-weight: 400;\">_gid<\/span><\/td>\n<td><span style=\"font-weight: 400;\">factumbalear. com<\/span><\/td>\n<td><span style=\"font-weight: 400;\">Anal\u00edtica (funcionalidad)<\/span><\/td>\n<td><span style=\"font-weight: 400;\">Propia<\/span><\/td>\n<td><span style=\"font-weight: 400;\">1 d\u00eda<\/span><\/td>\n<\/tr>\n<tr>\n<td><span style=\"font-weight: 400;\">cookies_accepted<\/span><\/td>\n<td><span style=\"font-weight: 400;\">factumbalear. com<\/span><\/td>\n<td><span style=\"font-weight: 400;\">T\u00e9cnica<\/span><\/td>\n<td><span style=\"font-weight: 400;\">Propia<\/span><\/td>\n<td><span style=\"font-weight: 400;\">Indefinida<\/span><\/td>\n<\/tr>\n<\/tbody>\n<\/table>\n<p>List of third party cookies used by <strong>Factum Balear:<\/strong><\/p>\n<p><strong>Google Analytics:<\/strong> Its cookies (such as _ga) make it possible to count how many times a user visits a website, how, when and from where they do so.<\/p>\n<p>In any case, you can disable Google Analytics cookies from here.<\/p>\n<p>[\/et_pb_text][\/et_pb_column][\/et_pb_row][\/et_pb_section][et_pb_section fb_built=&#8221;1&#8243; custom_padding_last_edited=&#8221;on|phone&#8221; _builder_version=&#8221;4.18.0&#8243; _module_preset=&#8221;default&#8221; background_color=&#8221;#FFFFFF&#8221; custom_margin=&#8221;0px||0px||false|false&#8221; custom_padding=&#8221;100px||0px||false|false&#8221; custom_padding_tablet=&#8221;100px||0px||false|false&#8221; custom_padding_phone=&#8221;70px||0px||false|false&#8221; border_width_top=&#8221;0.2px&#8221; border_color_top=&#8221;rgba(146,151,163,0.3)&#8221; saved_tabs=&#8221;all&#8221; locked=&#8221;off&#8221; global_colors_info=&#8221;{}&#8221; global_module=&#8221;237821&#8243; theme_builder_area=&#8221;post_content&#8221;][et_pb_row column_structure=&#8221;3_5,2_5&#8243; _builder_version=&#8221;4.21.0&#8243; _module_preset=&#8221;default&#8221; width=&#8221;90%&#8221; custom_margin=&#8221;0px||60px||false|false&#8221; custom_margin_tablet=&#8221;0px||50px||false|false&#8221; custom_margin_phone=&#8221;0px||35px||false|false&#8221; custom_margin_last_edited=&#8221;on|tablet&#8221; custom_padding=&#8221;0px||0px||false|false&#8221; global_colors_info=&#8221;{}&#8221; theme_builder_area=&#8221;post_content&#8221;][et_pb_column type=&#8221;3_5&#8243; _builder_version=&#8221;4.21.0&#8243; _module_preset=&#8221;default&#8221; global_colors_info=&#8221;{}&#8221; theme_builder_area=&#8221;post_content&#8221;][et_pb_image src=&#8221;https:\/\/factumbalear.com\/wp-content\/uploads\/2023\/06\/Logo-Factum-Balear-Web.png&#8221; alt=&#8221;Factum Balear, Pisicinas climatizadas.&#8221; title_text=&#8221;Factum Balear, Pisicinas climatizadas.&#8221; url=&#8221;https:\/\/factumbalear.com\/en\/&#8221; _builder_version=&#8221;4.21.0&#8243; _module_preset=&#8221;default&#8221; width=&#8221;20%&#8221; global_colors_info=&#8221;{}&#8221; theme_builder_area=&#8221;post_content&#8221;][\/et_pb_image][et_pb_text _builder_version=&#8221;4.21.0&#8243; _module_preset=&#8221;default&#8221; link_text_color=&#8221;#0C71C3&#8243; header_2_font=&#8221;Manrope|700|||||||&#8221; header_2_text_align=&#8221;left&#8221; header_2_text_color=&#8221;#fafdff&#8221; header_2_font_size=&#8221;52px&#8221; header_2_line_height=&#8221;1.2em&#8221; header_3_font=&#8221;helvetica-normal||||||||&#8221; header_3_text_color=&#8221;#000000&#8243; header_3_font_size=&#8221;38px&#8221; header_3_line_height=&#8221;1.1em&#8221; max_width=&#8221;720px&#8221; custom_margin=&#8221;0px||0px||false|false&#8221; custom_padding=&#8221;0px||0px||false|false&#8221; header_2_font_size_tablet=&#8221;52px&#8221; header_2_font_size_phone=&#8221;30px&#8221; header_2_font_size_last_edited=&#8221;on|phone&#8221; header_3_font_size_tablet=&#8221;34px&#8221; header_3_font_size_phone=&#8221;30px&#8221; header_3_font_size_last_edited=&#8221;on|phone&#8221; global_colors_info=&#8221;{}&#8221; link_text_color__hover_enabled=&#8221;on|hover&#8221; link_text_color__hover=&#8221;#14558B&#8221; theme_builder_area=&#8221;post_content&#8221;]<\/p>\n<h3>\u00a1No pierdas la oportunidad de crear el espacio de tus sue\u00f1os al aire libre! <b><a href=\"https:\/\/factumbalear.com\/contacto\/\">Cont\u00e1ctanos<\/a><\/b><\/h3>\n<p>[\/et_pb_text][\/et_pb_column][et_pb_column type=&#8221;2_5&#8243; _builder_version=&#8221;4.21.0&#8243; _module_preset=&#8221;default&#8221; global_colors_info=&#8221;{}&#8221; theme_builder_area=&#8221;post_content&#8221;][\/et_pb_column][\/et_pb_row][et_pb_row column_structure=&#8221;1_2,1_2&#8243; use_custom_gutter=&#8221;on&#8221; gutter_width=&#8221;1&#8243; _builder_version=&#8221;4.21.0&#8243; _module_preset=&#8221;default&#8221; width=&#8221;90%&#8221; custom_margin=&#8221;0px||15px||false|false&#8221; custom_margin_tablet=&#8221;0px||80px||false|false&#8221; custom_margin_phone=&#8221;||70px||false|false&#8221; custom_margin_last_edited=&#8221;on|tablet&#8221; custom_padding=&#8221;0px||0px||false|false&#8221; global_colors_info=&#8221;{}&#8221; theme_builder_area=&#8221;post_content&#8221;][et_pb_column type=&#8221;1_2&#8243; _builder_version=&#8221;4.21.0&#8243; _module_preset=&#8221;default&#8221; global_colors_info=&#8221;{}&#8221; theme_builder_area=&#8221;post_content&#8221;][et_pb_text _builder_version=&#8221;4.21.0&#8243; _module_preset=&#8221;default&#8221; text_font=&#8221;Manrope||||||||&#8221; text_text_color=&#8221;#fafdff&#8221; text_font_size=&#8221;18px&#8221; text_line_height=&#8221;1.2em&#8221; link_font=&#8221;helvetica-normal||||||||&#8221; link_text_color=&#8221;#9297a3&#8243; custom_margin=&#8221;8px||0px||false|false&#8221; custom_margin_tablet=&#8221;0px||40px||false|false&#8221; custom_margin_phone=&#8221;0px||40px||false|false&#8221; custom_margin_last_edited=&#8221;on|tablet&#8221; custom_padding=&#8221;0px||0px||false|false&#8221; link_option_url=&#8221;#&#8221; global_colors_info=&#8221;{}&#8221; link_text_color__hover_enabled=&#8221;on|hover&#8221; link_text_color__hover=&#8221;#0C71C3&#8243; theme_builder_area=&#8221;post_content&#8221;]<\/p>\n<p><a href=\"tel:+34971479858\">+(34) 971 47 98 58<\/a><br \/><a href=\"tel:+34656181840\">+ (34) 656 181 840<\/a><\/p>\n<p>[\/et_pb_text][et_pb_text _builder_version=&#8221;4.21.0&#8243; _module_preset=&#8221;default&#8221; text_font=&#8221;Manrope||||||||&#8221; text_text_color=&#8221;#9297a3&#8243; text_font_size=&#8221;18px&#8221; text_line_height=&#8221;1.2em&#8221; link_font=&#8221;helvetica-normal||||||||&#8221; link_text_color=&#8221;#9297a3&#8243; custom_margin=&#8221;8px||0px||false|false&#8221; custom_margin_tablet=&#8221;0px||40px||false|false&#8221; custom_margin_phone=&#8221;0px||40px||false|false&#8221; custom_margin_last_edited=&#8221;on|tablet&#8221; custom_padding=&#8221;0px||0px||false|false&#8221; link_option_url=&#8221;#&#8221; global_colors_info=&#8221;{}&#8221; link_text_color__hover_enabled=&#8221;on|hover&#8221; link_text_color__hover=&#8221;#0C71C3&#8243; theme_builder_area=&#8221;post_content&#8221;]<\/p>\n<p><span><strong>Contacto Charlie<\/strong> <a href=\"tel:+34656181840\">656 181 840<\/a> Espa\u00f1ol e ingl\u00e9s.<\/span><br \/><span><strong>Contacto Felipe<\/strong><a href=\"tel:+34651301500\"> 651 301 500<\/a> Espa\u00f1ol, ingl\u00e9s y Alem\u00e1n.<\/span><\/p>\n<p>[\/et_pb_text][et_pb_text _builder_version=&#8221;4.18.0&#8243; _module_preset=&#8221;default&#8221; text_font=&#8221;Manrope||||||||&#8221; text_text_color=&#8221;#fafdff&#8221; text_font_size=&#8221;18px&#8221; text_line_height=&#8221;1.2em&#8221; link_font=&#8221;helvetica-normal||||||||&#8221; link_text_color=&#8221;#9297a3&#8243; custom_margin=&#8221;8px||0px||false|false&#8221; custom_margin_tablet=&#8221;0px||40px||false|false&#8221; custom_margin_phone=&#8221;0px||40px||false|false&#8221; custom_margin_last_edited=&#8221;on|tablet&#8221; custom_padding=&#8221;0px||0px||false|false&#8221; link_option_url=&#8221;#&#8221; global_colors_info=&#8221;{}&#8221; link_text_color__hover_enabled=&#8221;on|hover&#8221; link_text_color__hover=&#8221;#0C71C3&#8243; theme_builder_area=&#8221;post_content&#8221;]<\/p>\n<p><a href=\"mailto:info@factumbalear.com\">info@factumbalear.com<\/a><\/p>\n<p>[\/et_pb_text][\/et_pb_column][et_pb_column type=&#8221;1_2&#8243; _builder_version=&#8221;4.21.0&#8243; _module_preset=&#8221;default&#8221; global_colors_info=&#8221;{}&#8221; theme_builder_area=&#8221;post_content&#8221;][et_pb_text _builder_version=&#8221;4.18.0&#8243; _module_preset=&#8221;default&#8221; text_font=&#8221;helvetica-normal|600|||||||&#8221; text_text_color=&#8221;#000000&#8243; text_font_size=&#8221;18px&#8221; text_line_height=&#8221;1.2em&#8221; link_font=&#8221;Manrope||||||||&#8221; link_text_color=&#8221;#9297a3&#8243; custom_margin=&#8221;8px||0px||false|false&#8221; custom_margin_tablet=&#8221;0px||40px||false|false&#8221; custom_margin_phone=&#8221;0px||40px||false|false&#8221; custom_margin_last_edited=&#8221;on|tablet&#8221; custom_padding=&#8221;0px||0px||false|false&#8221; global_colors_info=&#8221;{}&#8221; link_text_color__hover=&#8221;#CC0A1C&#8221; link_text_color__hover_enabled=&#8221;on|hover&#8221; theme_builder_area=&#8221;post_content&#8221;]<\/p>\n<p style=\"text-align: right;\"><span style=\"font-weight: 400;\">Carrer Balanguera, 12 B, 07141<br \/>Marratx\u00ed, Illes Balears<br \/><\/span><\/p>\n<p>[\/et_pb_text][\/et_pb_column][\/et_pb_row][et_pb_row _builder_version=&#8221;4.21.0&#8243; _module_preset=&#8221;default&#8221; width=&#8221;90%&#8221; border_width_top=&#8221;1px&#8221; border_color_top=&#8221;rgba(146,151,163,0.2)&#8221; global_colors_info=&#8221;{}&#8221; theme_builder_area=&#8221;post_content&#8221;][et_pb_column type=&#8221;4_4&#8243; _builder_version=&#8221;4.20.4&#8243; _module_preset=&#8221;default&#8221; global_colors_info=&#8221;{}&#8221; theme_builder_area=&#8221;post_content&#8221;][et_pb_image src=&#8221;https:\/\/factumbalear.com\/wp-content\/uploads\/2023\/07\/Logo_digitalizadores_Kit_Digital_2023.webp&#8221; alt=&#8221;Kit digital 2023&#8243; title_text=&#8221;Kit digital 2023&#8243; align=&#8221;center&#8221; _builder_version=&#8221;4.18.0&#8243; _module_preset=&#8221;default&#8221; width=&#8221;80%&#8221; module_alignment=&#8221;left&#8221; global_colors_info=&#8221;{}&#8221; theme_builder_area=&#8221;post_content&#8221;][\/et_pb_image][\/et_pb_column][\/et_pb_row][et_pb_row _builder_version=&#8221;4.21.0&#8243; _module_preset=&#8221;default&#8221; background_color=&#8221;#0C71C3&#8243; width=&#8221;100%&#8221; custom_margin=&#8221;0px||0px||false|false&#8221; custom_padding=&#8221;28px|60px|29px|60px|false|true&#8221; border_width_top=&#8221;1px&#8221; border_color_top=&#8221;rgba(146,151,163,0.45)&#8221; global_colors_info=&#8221;{}&#8221; theme_builder_area=&#8221;post_content&#8221;][et_pb_column type=&#8221;4_4&#8243; _builder_version=&#8221;4.21.0&#8243; _module_preset=&#8221;default&#8221; global_colors_info=&#8221;{}&#8221; theme_builder_area=&#8221;post_content&#8221;][et_pb_text _builder_version=&#8221;4.21.0&#8243; _module_preset=&#8221;default&#8221; text_font=&#8221;helvetica-normal||||||||&#8221; text_text_color=&#8221;#000000&#8243; text_font_size=&#8221;17px&#8221; text_line_height=&#8221;1.6em&#8221; link_text_color=&#8221;#FFFFFF&#8221; custom_margin=&#8221;0px||0px||false|false&#8221; custom_padding=&#8221;0px||0px||false|false&#8221; global_colors_info=&#8221;{}&#8221; link_text_color__hover_enabled=&#8221;on|hover&#8221; link_text_color__hover=&#8221;#083960&#8243; theme_builder_area=&#8221;post_content&#8221;]<\/p>\n<p style=\"text-align: left;\">Factum Balear \u00a9 2023. Todos los derechos reservados. <a href=\"https:\/\/factumbalear.com\/condiciones-de-uso-y-privacidad\/\">Condiciones de Uso y Privacidad<\/a>\u00a0| <a href=\"https:\/\/factumbalear.com\/politica-de-cookies\/\">Pol\u00edtica de Cookies<\/a><\/p>\n<p>[\/et_pb_text][\/et_pb_column][\/et_pb_row][\/et_pb_section]<\/p>\n","protected":false},"excerpt":{"rendered":"<p>LEGALCookie PolicyPlease read our &#8220;Cookie Policy&#8221; carefully for a better user experience.Summary Cookies used: Own and Third Party. Are they used to obtain statistics? Yes, the legal basis being our legitimate interest in better management of the service. Third-party services that install cookies through this website: Google Analytics. How to configure and disable cookies You [&hellip;]<\/p>\n","protected":false},"author":1,"featured_media":0,"parent":0,"menu_order":0,"comment_status":"closed","ping_status":"closed","template":"","meta":{"_et_pb_use_builder":"on","_et_pb_old_content":"","_et_gb_content_width":"","footnotes":""},"class_list":["post-237795","page","type-page","status-publish","hentry"],"yoast_head":"<!-- This site is optimized with the Yoast SEO plugin v27.4 - https:\/\/yoast.com\/product\/yoast-seo-wordpress\/ -->\n<title>Cookie Policy - Factum Balear<\/title>\n<meta name=\"robots\" content=\"noindex, follow\" \/>\n<meta property=\"og:locale\" content=\"en_US\" \/>\n<meta property=\"og:type\" content=\"article\" \/>\n<meta property=\"og:title\" content=\"Cookie Policy - Factum Balear\" \/>\n<meta property=\"og:description\" content=\"LEGALCookie PolicyPlease read our &quot;Cookie Policy&quot; carefully for a better user experience.Summary Cookies used: Own and Third Party. Are they used to obtain statistics? Yes, the legal basis being our legitimate interest in better management of the service. Third-party services that install cookies through this website: Google Analytics. How to configure and disable cookies You [&hellip;]\" \/>\n<meta property=\"og:url\" content=\"https:\/\/factumbalear.com\/en\/cookie-policy\/\" \/>\n<meta property=\"og:site_name\" content=\"Factum Balear\" \/>\n<meta property=\"article:modified_time\" content=\"2024-01-29T08:13:15+00:00\" \/>\n<meta name=\"twitter:card\" content=\"summary_large_image\" \/>\n<meta name=\"twitter:label1\" content=\"Est. reading time\" \/>\n\t<meta name=\"twitter:data1\" content=\"4 minutes\" \/>\n<script type=\"application\/ld+json\" class=\"yoast-schema-graph\">{\"@context\":\"https:\\\/\\\/schema.org\",\"@graph\":[{\"@type\":\"WebPage\",\"@id\":\"https:\\\/\\\/factumbalear.com\\\/en\\\/cookie-policy\\\/\",\"url\":\"https:\\\/\\\/factumbalear.com\\\/en\\\/cookie-policy\\\/\",\"name\":\"Cookie Policy - Factum Balear\",\"isPartOf\":{\"@id\":\"https:\\\/\\\/factumbalear.com\\\/en\\\/#website\"},\"datePublished\":\"2023-10-11T08:29:54+00:00\",\"dateModified\":\"2024-01-29T08:13:15+00:00\",\"breadcrumb\":{\"@id\":\"https:\\\/\\\/factumbalear.com\\\/en\\\/cookie-policy\\\/#breadcrumb\"},\"inLanguage\":\"en-US\",\"potentialAction\":[{\"@type\":\"ReadAction\",\"target\":[\"https:\\\/\\\/factumbalear.com\\\/en\\\/cookie-policy\\\/\"]}]},{\"@type\":\"BreadcrumbList\",\"@id\":\"https:\\\/\\\/factumbalear.com\\\/en\\\/cookie-policy\\\/#breadcrumb\",\"itemListElement\":[{\"@type\":\"ListItem\",\"position\":1,\"name\":\"Portada\",\"item\":\"https:\\\/\\\/factumbalear.com\\\/en\\\/\"},{\"@type\":\"ListItem\",\"position\":2,\"name\":\"Cookie Policy\"}]},{\"@type\":\"WebSite\",\"@id\":\"https:\\\/\\\/factumbalear.com\\\/en\\\/#website\",\"url\":\"https:\\\/\\\/factumbalear.com\\\/en\\\/\",\"name\":\"Factum Balear\",\"description\":\"Piscinas Climatizadas\",\"potentialAction\":[{\"@type\":\"SearchAction\",\"target\":{\"@type\":\"EntryPoint\",\"urlTemplate\":\"https:\\\/\\\/factumbalear.com\\\/en\\\/?s={search_term_string}\"},\"query-input\":{\"@type\":\"PropertyValueSpecification\",\"valueRequired\":true,\"valueName\":\"search_term_string\"}}],\"inLanguage\":\"en-US\"}]}<\/script>\n<!-- \/ Yoast SEO plugin. -->","yoast_head_json":{"title":"Cookie Policy - Factum Balear","robots":{"index":"noindex","follow":"follow"},"og_locale":"en_US","og_type":"article","og_title":"Cookie Policy - Factum Balear","og_description":"LEGALCookie PolicyPlease read our \"Cookie Policy\" carefully for a better user experience.Summary Cookies used: Own and Third Party. Are they used to obtain statistics? Yes, the legal basis being our legitimate interest in better management of the service. Third-party services that install cookies through this website: Google Analytics. How to configure and disable cookies You [&hellip;]","og_url":"https:\/\/factumbalear.com\/en\/cookie-policy\/","og_site_name":"Factum Balear","article_modified_time":"2024-01-29T08:13:15+00:00","twitter_card":"summary_large_image","twitter_misc":{"Est. reading time":"4 minutes"},"schema":{"@context":"https:\/\/schema.org","@graph":[{"@type":"WebPage","@id":"https:\/\/factumbalear.com\/en\/cookie-policy\/","url":"https:\/\/factumbalear.com\/en\/cookie-policy\/","name":"Cookie Policy - Factum Balear","isPartOf":{"@id":"https:\/\/factumbalear.com\/en\/#website"},"datePublished":"2023-10-11T08:29:54+00:00","dateModified":"2024-01-29T08:13:15+00:00","breadcrumb":{"@id":"https:\/\/factumbalear.com\/en\/cookie-policy\/#breadcrumb"},"inLanguage":"en-US","potentialAction":[{"@type":"ReadAction","target":["https:\/\/factumbalear.com\/en\/cookie-policy\/"]}]},{"@type":"BreadcrumbList","@id":"https:\/\/factumbalear.com\/en\/cookie-policy\/#breadcrumb","itemListElement":[{"@type":"ListItem","position":1,"name":"Portada","item":"https:\/\/factumbalear.com\/en\/"},{"@type":"ListItem","position":2,"name":"Cookie Policy"}]},{"@type":"WebSite","@id":"https:\/\/factumbalear.com\/en\/#website","url":"https:\/\/factumbalear.com\/en\/","name":"Factum Balear","description":"Piscinas Climatizadas","potentialAction":[{"@type":"SearchAction","target":{"@type":"EntryPoint","urlTemplate":"https:\/\/factumbalear.com\/en\/?s={search_term_string}"},"query-input":{"@type":"PropertyValueSpecification","valueRequired":true,"valueName":"search_term_string"}}],"inLanguage":"en-US"}]}},"_links":{"self":[{"href":"https:\/\/factumbalear.com\/en\/wp-json\/wp\/v2\/pages\/237795","targetHints":{"allow":["GET"]}}],"collection":[{"href":"https:\/\/factumbalear.com\/en\/wp-json\/wp\/v2\/pages"}],"about":[{"href":"https:\/\/factumbalear.com\/en\/wp-json\/wp\/v2\/types\/page"}],"author":[{"embeddable":true,"href":"https:\/\/factumbalear.com\/en\/wp-json\/wp\/v2\/users\/1"}],"replies":[{"embeddable":true,"href":"https:\/\/factumbalear.com\/en\/wp-json\/wp\/v2\/comments?post=237795"}],"version-history":[{"count":5,"href":"https:\/\/factumbalear.com\/en\/wp-json\/wp\/v2\/pages\/237795\/revisions"}],"predecessor-version":[{"id":238037,"href":"https:\/\/factumbalear.com\/en\/wp-json\/wp\/v2\/pages\/237795\/revisions\/238037"}],"wp:attachment":[{"href":"https:\/\/factumbalear.com\/en\/wp-json\/wp\/v2\/media?parent=237795"}],"curies":[{"name":"wp","href":"https:\/\/api.w.org\/{rel}","templated":true}]}}